{"id":2196,"date":"2020-06-06T01:24:20","date_gmt":"2020-06-05T22:24:20","guid":{"rendered":"https:\/\/twoplus.com.tr\/about-us\/"},"modified":"2025-11-14T14:42:08","modified_gmt":"2025-11-14T11:42:08","slug":"about-us","status":"publish","type":"page","link":"https:\/\/twoplus.com.tr\/en\/about-us\/","title":{"rendered":"About Us"},"content":{"rendered":"<p>[vc_section el_id=&#8221;hakkimizda&#8221;][vc_row cth_layout=&#8221;monolit_page_sec&#8221; no_sec_padding=&#8221;yes&#8221; css=&#8221;.vc_custom_1582790339067{margin-top: 20px !important;}&#8221;][vc_column offset=&#8221;vc_col-md-8&#8243; css=&#8221;.vc_custom_1582796846306{padding-top: 30px !important;}&#8221;][vc_column_text]<\/p>\n<h1 style=\"text-transform: lowercase; line-height: 36px;\">who is <strong>two?<\/strong><\/h1>\n<p>&nbsp;<\/p>\n<p style=\"text-align: justify; line-height: 36px;\">The Architectural design and construction process starts when two main actors, the architect and the client, come together.<\/p>\n<p>[\/vc_column_text][vc_empty_space][vc_column_text]<\/p>\n<h1 style=\"text-transform: lowercase; line-height: 36px;\">who is <strong>plus?<\/strong><\/h1>\n<p>&nbsp;<\/p>\n<p style=\"text-align: justify; line-height: 36px;\">Qualified design and construction cannot be realized by keeping sectoral actors outside of the process. Everyone that contributes is part of the product. Material companies, workers, authorities from different disciplines are indispensable actors not only for us but also for the architectural process. Collaborations founded on honesty and appreciation excite the qualified results and change the built environment in a beautiful way; and these facts can be observed on quality architecture and quality urban design. Two Plus Architects philosophy is based on a design process that interconnects multiple actors with a modernist approach. The office founded by Tuna Bayram Ekiz in Istanbul is an architectural office that offers services in architectural design, interior design and construction and consultancy, focusing on its \u201cdesign and build.\u201d motto.<\/p>\n<p>[\/vc_column_text][vc_empty_space][vc_column_text]<\/p>\n<h1 style=\"text-transform: lowercase; line-height: 36px;\">what do <strong>two plus architects do ?<\/strong><\/h1>\n<p>&nbsp;<\/p>\n<p style=\"text-align: justify; line-height: 36px;\">Two Plus Architects have completed various scale projects including office, residential, religious building and industrial , orchestrating the process from conceptualizing the design to building them, since its very beginning. Both the design and the construction process of these projects are realised by the team of Two Plus Architects. The projects are turn-key solutions for our clients\u2019 needs and the processes of completing them are fully transparent and accessible by the client throughout the project\u2019s life.<\/p>\n<p>[\/vc_column_text][vc_empty_space][vc_column_text]<\/p>\n<h1 style=\"text-transform: lowercase; line-height: 36px;\">How do <strong>two plus architects<\/strong> work?<\/h1>\n<p>&nbsp;<\/p>\n<p style=\"text-align: justify; line-height: 36px;\">Our process starts with site visits, measured drawings and discussions with the client to understand what they truly seek. Once these are in place, , the processing of the project starts at Two Plus Architects. During the design process drawings and 3D models are produced by using cutting-edge software. During the construction process, our Office ensures coordination between different workflows ranging from management of construction to due process of law. Project design, construction material procurement, and actual construction is performed by our competent team consistsing of workers, engineers and landscape architects working in a seamless way. When projects are drawn, clients, workers and Two Plus team maintain communication to ensure the desired outcome. At the end of the process, your dream place has become reality by the Two Plus team.<\/p>\n<p>[\/vc_column_text][\/vc_column][vc_column offset=&#8221;vc_col-md-4&#8243;][vc_empty_space height=&#8221;95px&#8221;][vc_single_image image=&#8221;1859&#8243; img_size=&#8221;350&#215;958&#8243;][\/vc_column][\/vc_row][\/vc_section][vc_row cth_layout=&#8221;monolit_page_sec&#8221; no_sec_padding=&#8221;yes&#8221; el_id=&#8221;ekip&#8221; css=&#8221;.vc_custom_1582802446501{margin-bottom: 50px !important;}&#8221;][vc_column css=&#8221;.vc_custom_1582797636295{padding-top: 20px !important;}&#8221;][vc_column_text]<\/p>\n<h2 class=\"section-title dec-title\" style=\"text-transform: lowercase;\"><strong>Two Plus<\/strong> Ekip<\/h2>\n<div id=\"gtx-trans\" style=\"position: absolute; left: -50px; top: 52.1523px;\">\n<div class=\"gtx-trans-icon\"><\/div>\n<\/div>\n<p>[\/vc_column_text][vc_row_inner][vc_column_inner width=&#8221;1\/3&#8243;][vc_raw_html]JTNDaW1nJTIwd2lkdGglM0QlMjIxMDAlMjUlMjIlMjBoZWlnaHQlM0QlMjJhdXRvJTIyJTIwYm9yZGVyJTNEJTIyMCUyMiUyMGFsdCUzRCUyMiUyMiUyMHN0eWxlJTNEJTIyY3Vyc29yJTNBJTIwaGFuZCUzQiUyMiUyMG9ubW91c2VvdXQlM0QlMjJ0aGlzLnNyYyUzRCUyN2h0dHBzJTNBJTJGJTJGdHdvcGx1cy5jb20udHIlMkZ3cC1jb250ZW50JTJGdXBsb2FkcyUyRjIwMjAlMkYwMyUyRkhDUl85MDcwLUEuanBnJTI3JTIyJTIwb25tb3VzZW92ZXIlM0QlMjJ0aGlzLnNyYyUzRCUyN2h0dHBzJTNBJTJGJTJGdHdvcGx1cy5jb20udHIlMkZ3cC1jb250ZW50JTJGdXBsb2FkcyUyRjIwMjAlMkYwMyUyRkhDUl85MDcyMS5qcGclMjclMjIlMjBzcmMlM0QlMjJodHRwcyUzQSUyRiUyRnR3b3BsdXMuY29tLnRyJTJGd3AtY29udGVudCUyRnVwbG9hZHMlMkYyMDIwJTJGMDMlMkZIQ1JfOTA3MC1BLmpwZyUyMiUyMCUyRiUzRQ==[\/vc_raw_html][vc_column_text css=&#8221;.vc_custom_1666800534808{margin-top: 10px !important;}&#8221;]<\/p>\n<h3>Tuna Bayram Ekiz<\/h3>\n<h4>Architect, Founder<\/h4>\n<p>[\/vc_column_text][vc_raw_html]JTNDdWwlMjBzdHlsZSUzRCUyMm1hcmdpbiUzQTBweCUzQnBhZGRpbmclM0EwcHglM0IlMjIlM0UlMEElM0NsaSUyMHN0eWxlJTNEJTIyZmxvYXQlM0FsZWZ0JTNCbGlzdC1zdHlsZS10eXBlJTNBJTIwbm9uZSUzQm1hcmdpbi1yaWdodCUzQTEwcHglM0IlMjIlM0UlM0NhJTIwaHJlZiUzRCUyMmh0dHBzJTNBJTJGJTJGd3d3LmZhY2Vib29rLmNvbSUyRnR1bmFiYXlyYW1la2l6JTIyJTIwdGFyZ2V0JTNEJTIyX2JsYW5rJTIyJTIwJTIwcmVsJTNEJTIybm9mb2xsb3clMjBub29wZW5lciUyMiUzRSUzQ2klMjBzdHlsZSUzRCUyMmNvbG9yJTNBJTIzMDAwMDAwJTNCJTIyJTIwY2xhc3MlM0QlMjJmYSUyMGZhLWZhY2Vib29rJTIyJTNFJTNDJTJGaSUzRSUzQyUyRmElM0UlM0MlMkZsaSUzRSUwQSUzQ2xpJTIwc3R5bGUlM0QlMjJmbG9hdCUzQWxlZnQlM0JsaXN0LXN0eWxlLXR5cGUlM0ElMjBub25lJTNCbWFyZ2luLXJpZ2h0JTNBMTBweCUzQiUyMiUzRSUzQ2ElMjBocmVmJTNEJTIyaHR0cHMlM0ElMkYlMkZ0ci5saW5rZWRpbi5jb20lMkZpbiUyRnR1bmEtYmF5cmFtLWVraXotNjQ3N2I3MjAlMkZ0ciUyMiUyMHRhcmdldCUzRCUyMl9ibGFuayUyMiUyMCUyMHJlbCUzRCUyMm5vZm9sbG93JTIwbm9vcGVuZXIlMjIlM0UlM0NpJTIwc3R5bGUlM0QlMjJjb2xvciUzQSUyMzAwMDAwMCUzQiUyMiUyMGNsYXNzJTNEJTIyZmElMjBmYS1saW5rZWRpbiUyMiUzRSUzQyUyRmklM0UlM0MlMkZhJTNFJTNDJTJGbGklM0UlMEElM0NsaSUyMHN0eWxlJTNEJTIyZmxvYXQlM0FsZWZ0JTNCbGlzdC1zdHlsZS10eXBlJTNBJTIwbm9uZSUzQm1hcmdpbi1yaWdodCUzQTEwcHglM0IlMjIlM0UlM0NhJTIwaHJlZiUzRCUyMm1haWx0byUzQXR1bmFiYXlyYW1la2l6JTQwdHdvcGx1cy5jb20udHIlMjIlMjB0YXJnZXQlM0QlMjJfYmxhbmslMjIlMjByZWwlM0QlMjJub2ZvbGxvdyUyMG5vb3BlbmVyJTIyJTIwJTNFJTNDaSUyMHN0eWxlJTNEJTIyY29sb3IlM0ElMjMwMDAwMDAlM0IlMjIlMjBjbGFzcyUzRCUyMmZhJTIwZmEtZW52ZWxvcGUlMjIlM0UlM0MlMkZpJTNFJTNDJTJGYSUzRSUzQyUyRmxpJTNFJTBBJTNDJTJGdWwlM0U=[\/vc_raw_html][\/vc_column_inner][vc_column_inner width=&#8221;1\/3&#8243;][vc_raw_html]JTNDaW1nJTIwd2lkdGglM0QlMjIxMDAlMjUlMjIlMjBoZWlnaHQlM0QlMjJhdXRvJTIyJTIwYm9yZGVyJTNEJTIyMCUyMiUyMGFsdCUzRCUyMiUyMiUyMHN0eWxlJTNEJTIyY3Vyc29yJTNBJTIwaGFuZCUzQiUyMiUyMG9ubW91c2VvdXQlM0QlMjJ0aGlzLnNyYyUzRCUyN2h0dHBzJTNBJTJGJTJGdHdvcGx1cy5jb20udHIlMkZ3cC1jb250ZW50JTJGdXBsb2FkcyUyRjIwMjUlMkYxMSUyRnNzMS5qcGclMjclMjIlMjBvbm1vdXNlb3ZlciUzRCUyMnRoaXMuc3JjJTNEJTI3aHR0cHMlM0ElMkYlMkZ0d29wbHVzLmNvbS50ciUyRndwLWNvbnRlbnQlMkZ1cGxvYWRzJTJGMjAyNSUyRjExJTJGcnIxLmpwZyUyNyUyMiUyMHNyYyUzRCUyMmh0dHBzJTNBJTJGJTJGdHdvcGx1cy5jb20udHIlMkZ3cC1jb250ZW50JTJGdXBsb2FkcyUyRjIwMjUlMkYxMSUyRnNzMS5qcGclMjIlMjAlMkYlM0U=[\/vc_raw_html][vc_column_text css=&#8221;.vc_custom_1763024229957{margin-top: 10px !important;}&#8221;]<\/p>\n<h3>Dilan \u00d6zer<\/h3>\n<h4>Interior Architect<\/h4>\n<p>[\/vc_column_text][vc_raw_html]JTNDdWwlMjBzdHlsZSUzRCUyMm1hcmdpbiUzQTBweCUzQnBhZGRpbmclM0EwcHglM0IlMjIlM0UlMEElM0NsaSUyMHN0eWxlJTNEJTIyZmxvYXQlM0FsZWZ0JTNCbGlzdC1zdHlsZS10eXBlJTNBJTIwbm9uZSUzQm1hcmdpbi1yaWdodCUzQTEwcHglM0IlMjIlM0UlM0NhJTIwaHJlZiUzRCUyMiUyMyUyMiUyMHRhcmdldCUzRCUyMl9ibGFuayUyMiUyMHJlbCUzRCUyMm5vZm9sbG93JTIwbm9vcGVuZXIlMjIlMjAlM0UlM0NpJTIwc3R5bGUlM0QlMjJjb2xvciUzQSUyMzAwMDAwMCUzQiUyMiUyMGNsYXNzJTNEJTIyZmElMjBmYS1mYWNlYm9vayUyMiUzRSUzQyUyRmklM0UlM0MlMkZhJTNFJTNDJTJGbGklM0UlMEElM0NsaSUyMHN0eWxlJTNEJTIyZmxvYXQlM0FsZWZ0JTNCbGlzdC1zdHlsZS10eXBlJTNBJTIwbm9uZSUzQm1hcmdpbi1yaWdodCUzQTEwcHglM0IlMjIlM0UlM0NhJTIwaHJlZiUzRCUyMiUyMyUyMiUyMHRhcmdldCUzRCUyMl9ibGFuayUyMiUyMCUyMHJlbCUzRCUyMm5vZm9sbG93JTIwbm9vcGVuZXIlMjIlM0UlM0NpJTIwc3R5bGUlM0QlMjJjb2xvciUzQSUyMzAwMDAwMCUzQiUyMiUyMGNsYXNzJTNEJTIyZmElMjBmYS1saW5rZWRpbiUyMiUzRSUzQyUyRmklM0UlM0MlMkZhJTNFJTNDJTJGbGklM0UlMEElM0NsaSUyMHN0eWxlJTNEJTIyZmxvYXQlM0FsZWZ0JTNCbGlzdC1zdHlsZS10eXBlJTNBJTIwbm9uZSUzQm1hcmdpbi1yaWdodCUzQTEwcHglM0IlMjIlM0UlM0NhJTIwaHJlZiUzRCUyMiUyMyUyMiUyMHRhcmdldCUzRCUyMl9ibGFuayUyMiUyMCUyMHJlbCUzRCUyMm5vZm9sbG93JTIwbm9vcGVuZXIlMjIlM0UlM0NpJTIwc3R5bGUlM0QlMjJjb2xvciUzQSUyMzAwMDAwMCUzQiUyMiUyMGNsYXNzJTNEJTIyZmElMjBmYS1lbnZlbG9wZSUyMiUzRSUzQyUyRmklM0UlM0MlMkZhJTNFJTNDJTJGbGklM0UlMEElM0MlMkZ1bCUzRQ==[\/vc_raw_html][\/vc_column_inner][vc_column_inner width=&#8221;1\/3&#8243;][vc_raw_html]JTNDaW1nJTIwd2lkdGglM0QlMjIxMDAlMjUlMjIlMjBoZWlnaHQlM0QlMjJhdXRvJTIyJTIwYm9yZGVyJTNEJTIyMCUyMiUyMGFsdCUzRCUyMiUyMiUyMHN0eWxlJTNEJTIyY3Vyc29yJTNBJTIwaGFuZCUzQiUyMiUyMG9ubW91c2VvdXQlM0QlMjJ0aGlzLnNyYyUzRCUyN2h0dHBzJTNBJTJGJTJGdHdvcGx1cy5jb20udHIlMkZ3cC1jb250ZW50JTJGdXBsb2FkcyUyRjIwMjUlMkYxMSUyRnMyLmpwZyUyNyUyMiUyMG9ubW91c2VvdmVyJTNEJTIydGhpcy5zcmMlM0QlMjdodHRwcyUzQSUyRiUyRnR3b3BsdXMuY29tLnRyJTJGd3AtY29udGVudCUyRnVwbG9hZHMlMkYyMDI1JTJGMTElMkZyMi5qcGclMjclMjIlMjBzcmMlM0QlMjJodHRwcyUzQSUyRiUyRnR3b3BsdXMuY29tLnRyJTJGd3AtY29udGVudCUyRnVwbG9hZHMlMkYyMDI1JTJGMTElMkZzMi5qcGclMjIlMjAlMkYlM0U=[\/vc_raw_html][vc_column_text css=&#8221;.vc_custom_1763120456168{margin-top: 10px !important;}&#8221;]<\/p>\n<h3>Salih Erdem Ak\u0131nc\u0131<\/h3>\n<h4>Interior Architect<\/h4>\n<div id=\"gtx-trans\" style=\"position: absolute; left: 192px; top: 88.7604px;\">\n<div class=\"gtx-trans-icon\"><\/div>\n<\/div>\n<p>[\/vc_column_text][vc_raw_html]JTNDdWwlMjBzdHlsZSUzRCUyMm1hcmdpbiUzQTBweCUzQnBhZGRpbmclM0EwcHglM0IlMjIlM0UlMEElM0NsaSUyMHN0eWxlJTNEJTIyZmxvYXQlM0FsZWZ0JTNCbGlzdC1zdHlsZS10eXBlJTNBJTIwbm9uZSUzQm1hcmdpbi1yaWdodCUzQTEwcHglM0IlMjIlM0UlM0NhJTIwaHJlZiUzRCUyMiUyMyUyMiUyMHRhcmdldCUzRCUyMl9ibGFuayUyMiUyMHJlbCUzRCUyMm5vZm9sbG93JTIwbm9vcGVuZXIlMjIlM0UlM0NpJTIwc3R5bGUlM0QlMjJjb2xvciUzQSUyMzAwMDAwMCUzQiUyMiUyMGNsYXNzJTNEJTIyZmElMjBmYS1mYWNlYm9vayUyMiUzRSUzQyUyRmklM0UlM0MlMkZhJTNFJTNDJTJGbGklM0UlMEElM0NsaSUyMHN0eWxlJTNEJTIyZmxvYXQlM0FsZWZ0JTNCbGlzdC1zdHlsZS10eXBlJTNBJTIwbm9uZSUzQm1hcmdpbi1yaWdodCUzQTEwcHglM0IlMjIlM0UlM0NhJTIwaHJlZiUzRCUyMiUyMyUyMiUyMHRhcmdldCUzRCUyMl9ibGFuayUyMiUyMCUyMHJlbCUzRCUyMm5vZm9sbG93JTIwbm9vcGVuZXIlMjIlM0UlM0NpJTIwc3R5bGUlM0QlMjJjb2xvciUzQSUyMzAwMDAwMCUzQiUyMiUyMGNsYXNzJTNEJTIyZmElMjBmYS1saW5rZWRpbiUyMiUzRSUzQyUyRmklM0UlM0MlMkZhJTNFJTNDJTJGbGklM0UlMEElM0NsaSUyMHN0eWxlJTNEJTIyZmxvYXQlM0FsZWZ0JTNCbGlzdC1zdHlsZS10eXBlJTNBJTIwbm9uZSUzQm1hcmdpbi1yaWdodCUzQTEwcHglM0IlMjIlM0UlM0NhJTIwaHJlZiUzRCUyMiUyMyUyMiUyMHRhcmdldCUzRCUyMl9ibGFuayUyMiUyMCUyMHJlbCUzRCUyMm5vZm9sbG93JTIwbm9vcGVuZXIlMjIlM0UlM0NpJTIwc3R5bGUlM0QlMjJjb2xvciUzQSUyMzAwMDAwMCUzQiUyMiUyMGNsYXNzJTNEJTIyZmElMjBmYS1lbnZlbG9wZSUyMiUzRSUzQyUyRmklM0UlM0MlMkZhJTNFJTNDJTJGbGklM0UlMEElM0MlMkZ1bCUzRQ==[\/vc_raw_html][\/vc_column_inner][\/vc_row_inner][vc_row_inner][vc_column_inner width=&#8221;1\/3&#8243;][vc_raw_html]JTNDaW1nJTIwd2lkdGglM0QlMjIxMDAlMjUlMjIlMjBoZWlnaHQlM0QlMjJhdXRvJTIyJTIwYm9yZGVyJTNEJTIyMCUyMiUyMGFsdCUzRCUyMiUyMiUyMHN0eWxlJTNEJTIyY3Vyc29yJTNBJTIwaGFuZCUzQiUyMiUyMG9ubW91c2VvdXQlM0QlMjJ0aGlzLnNyYyUzRCUyN2h0dHBzJTNBJTJGJTJGdHdvcGx1cy5jb20udHIlMkZ3cC1jb250ZW50JTJGdXBsb2FkcyUyRjIwMjMlMkYxMCUyRkthZGlyMS5qcGclMjclMjIlMjBvbm1vdXNlb3ZlciUzRCUyMnRoaXMuc3JjJTNEJTI3aHR0cHMlM0ElMkYlMkZ0d29wbHVzLmNvbS50ciUyRndwLWNvbnRlbnQlMkZ1cGxvYWRzJTJGMjAyMyUyRjEwJTJGS2FkaXIyLmpwZyUyNyUyMiUyMHNyYyUzRCUyMmh0dHBzJTNBJTJGJTJGdHdvcGx1cy5jb20udHIlMkZ3cC1jb250ZW50JTJGdXBsb2FkcyUyRjIwMjMlMkYxMCUyRkthZGlyMS5qcGclMjIlMjAlMkYlM0U=[\/vc_raw_html][vc_column_text css=&#8221;.vc_custom_1696960185069{margin-top: 10px !important;}&#8221;]<\/p>\n<h3>Kadir Y\u0131ld\u0131r\u0131m<\/h3>\n<h4>Purchasing Specialist, Project Manager<\/h4>\n<div id=\"gtx-trans\" style=\"position: absolute; left: 192px; top: 88.7604px;\">\n<div class=\"gtx-trans-icon\"><\/div>\n<\/div>\n<p>[\/vc_column_text][vc_raw_html]JTNDdWwlMjBzdHlsZSUzRCUyMm1hcmdpbiUzQTBweCUzQnBhZGRpbmclM0EwcHglM0IlMjIlM0UlMEElM0NsaSUyMHN0eWxlJTNEJTIyZmxvYXQlM0FsZWZ0JTNCbGlzdC1zdHlsZS10eXBlJTNBJTIwbm9uZSUzQm1hcmdpbi1yaWdodCUzQTEwcHglM0IlMjIlM0UlM0NhJTIwaHJlZiUzRCUyMiUyMyUyMiUyMHRhcmdldCUzRCUyMl9ibGFuayUyMiUyMHJlbCUzRCUyMm5vZm9sbG93JTIwbm9vcGVuZXIlMjIlM0UlM0NpJTIwc3R5bGUlM0QlMjJjb2xvciUzQSUyMzAwMDAwMCUzQiUyMiUyMGNsYXNzJTNEJTIyZmElMjBmYS1mYWNlYm9vayUyMiUzRSUzQyUyRmklM0UlM0MlMkZhJTNFJTNDJTJGbGklM0UlMEElM0NsaSUyMHN0eWxlJTNEJTIyZmxvYXQlM0FsZWZ0JTNCbGlzdC1zdHlsZS10eXBlJTNBJTIwbm9uZSUzQm1hcmdpbi1yaWdodCUzQTEwcHglM0IlMjIlM0UlM0NhJTIwaHJlZiUzRCUyMiUyMyUyMiUyMHRhcmdldCUzRCUyMl9ibGFuayUyMiUyMCUyMHJlbCUzRCUyMm5vZm9sbG93JTIwbm9vcGVuZXIlMjIlM0UlM0NpJTIwc3R5bGUlM0QlMjJjb2xvciUzQSUyMzAwMDAwMCUzQiUyMiUyMGNsYXNzJTNEJTIyZmElMjBmYS1saW5rZWRpbiUyMiUzRSUzQyUyRmklM0UlM0MlMkZhJTNFJTNDJTJGbGklM0UlMEElM0NsaSUyMHN0eWxlJTNEJTIyZmxvYXQlM0FsZWZ0JTNCbGlzdC1zdHlsZS10eXBlJTNBJTIwbm9uZSUzQm1hcmdpbi1yaWdodCUzQTEwcHglM0IlMjIlM0UlM0NhJTIwaHJlZiUzRCUyMiUyMyUyMiUyMHRhcmdldCUzRCUyMl9ibGFuayUyMiUyMCUyMHJlbCUzRCUyMm5vZm9sbG93JTIwbm9vcGVuZXIlMjIlM0UlM0NpJTIwc3R5bGUlM0QlMjJjb2xvciUzQSUyMzAwMDAwMCUzQiUyMiUyMGNsYXNzJTNEJTIyZmElMjBmYS1lbnZlbG9wZSUyMiUzRSUzQyUyRmklM0UlM0MlMkZhJTNFJTNDJTJGbGklM0UlMEElM0MlMkZ1bCUzRQ==[\/vc_raw_html][\/vc_column_inner][vc_column_inner width=&#8221;1\/3&#8243;][vc_raw_html]JTNDaW1nJTIwd2lkdGglM0QlMjIxMDAlMjUlMjIlMjBoZWlnaHQlM0QlMjJhdXRvJTIyJTIwYm9yZGVyJTNEJTIyMCUyMiUyMGFsdCUzRCUyMiUyMiUyMHN0eWxlJTNEJTIyY3Vyc29yJTNBJTIwaGFuZCUzQiUyMiUyMG9ubW91c2VvdXQlM0QlMjJ0aGlzLnNyYyUzRCUyN2h0dHBzJTNBJTJGJTJGdHdvcGx1cy5jb20udHIlMkZ3cC1jb250ZW50JTJGdXBsb2FkcyUyRjIwMjAlMkYwMyUyRkhDUl85MTUyLUEuanBnJTI3JTIyJTIwb25tb3VzZW92ZXIlM0QlMjJ0aGlzLnNyYyUzRCUyN2h0dHBzJTNBJTJGJTJGdHdvcGx1cy5jb20udHIlMkZ3cC1jb250ZW50JTJGdXBsb2FkcyUyRjIwMjAlMkYwMyUyRkhDUl85MTYxMS5qcGclMjclMjIlMjBzcmMlM0RodHRwcyUzQSUyRiUyRnR3b3BsdXMuY29tLnRyJTJGd3AtY29udGVudCUyRnVwbG9hZHMlMkYyMDIwJTJGMDMlMkZIQ1JfOTE1Mi1BLmpwZyUyMiUyMCUyRiUzRQ==[\/vc_raw_html][vc_column_text css=&#8221;.vc_custom_1666800558337{margin-top: 10px !important;}&#8221;]<\/p>\n<h3>Ilg\u0131n Ye\u015fim Elde\u015f<\/h3>\n<h4>Business Strategy \u00a7 Communication<\/h4>\n<p>[\/vc_column_text][vc_raw_html]JTNDdWwlMjBzdHlsZSUzRCUyMm1hcmdpbiUzQTBweCUzQnBhZGRpbmclM0EwcHglM0IlMjIlM0UlMEElM0NsaSUyMHN0eWxlJTNEJTIyZmxvYXQlM0FsZWZ0JTNCbGlzdC1zdHlsZS10eXBlJTNBJTIwbm9uZSUzQm1hcmdpbi1yaWdodCUzQTEwcHglM0IlMjIlM0UlM0NhJTIwaHJlZiUzRCUyMmh0dHBzJTNBJTJGJTJGd3d3LmZhY2Vib29rLmNvbSUyRmlsZ2lueWVzaW0uZWxkZXMlMjIlMjB0YXJnZXQlM0QlMjJfYmxhbmslMjIlMjAlMjByZWwlM0QlMjJub2ZvbGxvdyUyMG5vb3BlbmVyJTIyJTNFJTNDaSUyMHN0eWxlJTNEJTIyY29sb3IlM0ElMjMwMDAwMDAlM0IlMjIlMjBjbGFzcyUzRCUyMmZhJTIwZmEtZmFjZWJvb2slMjIlM0UlM0MlMkZpJTNFJTNDJTJGYSUzRSUzQyUyRmxpJTNFJTBBJTNDbGklMjBzdHlsZSUzRCUyMmZsb2F0JTNBbGVmdCUzQmxpc3Qtc3R5bGUtdHlwZSUzQSUyMG5vbmUlM0JtYXJnaW4tcmlnaHQlM0ExMHB4JTNCJTIyJTNFJTNDYSUyMGhyZWYlM0QlMjJodHRwcyUzQSUyRiUyRnRyLmxpbmtlZGluLmNvbSUyRmluJTJGaWxnJTI1QzQlMjVCMW4teWUlMjVDNSUyNTlGaW0tZWxkZSUyNUM1JTI1OUYtNzg5MTliNmIlMjIlMjB0YXJnZXQlM0QlMjJfYmxhbmslMjIlMjAlMjByZWwlM0QlMjJub2ZvbGxvdyUyMG5vb3BlbmVyJTIyJTIwJTNFJTNDaSUyMHN0eWxlJTNEJTIyY29sb3IlM0ElMjMwMDAwMDAlM0IlMjIlMjBjbGFzcyUzRCUyMmZhJTIwZmEtbGlua2VkaW4lMjIlM0UlM0MlMkZpJTNFJTNDJTJGYSUzRSUzQyUyRmxpJTNFJTBBJTNDbGklMjBzdHlsZSUzRCUyMmZsb2F0JTNBbGVmdCUzQmxpc3Qtc3R5bGUtdHlwZSUzQSUyMG5vbmUlM0JtYXJnaW4tcmlnaHQlM0ExMHB4JTNCJTIyJTNFJTNDYSUyMGhyZWYlM0QlMjJtYWlsdG8lM0FpbGdpbmVsZGVzJTQwdHdvcGx1cy5jb20udHIlMjIlMjB0YXJnZXQlM0QlMjJfYmxhbmslMjIlMjAlMjByZWwlM0QlMjJub2ZvbGxvdyUyMG5vb3BlbmVyJTIyJTNFJTNDaSUyMHN0eWxlJTNEJTIyY29sb3IlM0ElMjMwMDAwMDAlM0IlMjIlMjBjbGFzcyUzRCUyMmZhJTIwZmEtZW52ZWxvcGUlMjIlM0UlM0MlMkZpJTNFJTNDJTJGYSUzRSUzQyUyRmxpJTNFJTBBJTNDJTJGdWwlM0U=[\/vc_raw_html][\/vc_column_inner][vc_column_inner width=&#8221;1\/3&#8243;][vc_raw_html]JTNDaW1nJTIwd2lkdGglM0QlMjIxMDAlMjUlMjIlMjBoZWlnaHQlM0QlMjJhdXRvJTIyJTIwYm9yZGVyJTNEJTIyMCUyMiUyMGFsdCUzRCUyMiUyMiUyMHN0eWxlJTNEJTIyY3Vyc29yJTNBJTIwaGFuZCUzQiUyMiUyMG9ubW91c2VvdXQlM0QlMjJ0aGlzLnNyYyUzRCUyN2h0dHBzJTNBJTJGJTJGdHdvcGx1cy5jb20udHIlMkZ3cC1jb250ZW50JTJGdXBsb2FkcyUyRjIwMjAlMkYwMyUyRkhDUl85MTkxLUEuanBnJTI3JTIyJTIwb25tb3VzZW92ZXIlM0QlMjJ0aGlzLnNyYyUzRCUyN2h0dHBzJTNBJTJGJTJGdHdvcGx1cy5jb20udHIlMkZ3cC1jb250ZW50JTJGdXBsb2FkcyUyRjIwMjAlMkYwMyUyRkhDUl85MjA0MS5qcGclMjclMjIlMjBzcmMlM0QlMjJodHRwcyUzQSUyRiUyRnR3b3BsdXMuY29tLnRyJTJGd3AtY29udGVudCUyRnVwbG9hZHMlMkYyMDIwJTJGMDMlMkZIQ1JfOTE5MS1BLmpwZyUyMiUyMCUyRiUzRQ==[\/vc_raw_html][vc_column_text css=&#8221;.vc_custom_1666800648593{margin-top: 10px !important;}&#8221;]<\/p>\n<h3>Enes Ekiz<\/h3>\n<h4>Civil Engineer, Project Management<\/h4>\n<p>[\/vc_column_text][vc_raw_html]JTNDdWwlMjBzdHlsZSUzRCUyMm1hcmdpbiUzQTBweCUzQnBhZGRpbmclM0EwcHglM0IlMjIlM0UlMEElM0NsaSUyMHN0eWxlJTNEJTIyZmxvYXQlM0FsZWZ0JTNCbGlzdC1zdHlsZS10eXBlJTNBJTIwbm9uZSUzQm1hcmdpbi1yaWdodCUzQTEwcHglM0IlMjIlM0UlM0NhJTIwaHJlZiUzRCUyMmh0dHBzJTNBJTJGJTJGd3d3LmZhY2Vib29rLmNvbSUyRmVuZXNla2l6eiUyMiUyMHRhcmdldCUzRCUyMl9ibGFuayUyMiUyMCUyMHJlbCUzRCUyMm5vZm9sbG93JTIwbm9vcGVuZXIlMjIlM0UlM0NpJTIwc3R5bGUlM0QlMjJjb2xvciUzQSUyMzAwMDAwMCUzQiUyMiUyMGNsYXNzJTNEJTIyZmElMjBmYS1mYWNlYm9vayUyMiUzRSUzQyUyRmklM0UlM0MlMkZhJTNFJTNDJTJGbGklM0UlMEElM0NsaSUyMHN0eWxlJTNEJTIyZmxvYXQlM0FsZWZ0JTNCbGlzdC1zdHlsZS10eXBlJTNBJTIwbm9uZSUzQm1hcmdpbi1yaWdodCUzQTEwcHglM0IlMjIlM0UlM0NhJTIwaHJlZiUzRCUyMmh0dHBzJTNBJTJGJTJGdHIubGlua2VkaW4uY29tJTJGaW4lMkZlbmVzLWVraXotNTg4NDY3MWE0JTNGdHJrJTNEcGVvcGxlLWd1ZXN0X3Blb3BsZV9zZWFyY2gtY2FyZCUyMiUyMHRhcmdldCUzRCUyMl9ibGFuayUyMiUyMCUyMHJlbCUzRCUyMm5vZm9sbG93JTIwbm9vcGVuZXIlMjIlMjAlM0UlM0NpJTIwc3R5bGUlM0QlMjJjb2xvciUzQSUyMzAwMDAwMCUzQiUyMiUyMGNsYXNzJTNEJTIyZmElMjBmYS1saW5rZWRpbiUyMiUzRSUzQyUyRmklM0UlM0MlMkZhJTNFJTNDJTJGbGklM0UlMEElM0NsaSUyMHN0eWxlJTNEJTIyZmxvYXQlM0FsZWZ0JTNCbGlzdC1zdHlsZS10eXBlJTNBJTIwbm9uZSUzQm1hcmdpbi1yaWdodCUzQTEwcHglM0IlMjIlM0UlM0NhJTIwaHJlZiUzRCUyMm1haWx0byUzQWVuZXNla2l6JTQwdHdvcGx1cy5jb20udHIlMjIlMjB0YXJnZXQlM0QlMjJfYmxhbmslMjIlMjByZWwlM0QlMjJub2ZvbGxvdyUyMG5vb3BlbmVyJTIyJTIwJTNFJTNDaSUyMHN0eWxlJTNEJTIyY29sb3IlM0ElMjMwMDAwMDAlM0IlMjIlMjBjbGFzcyUzRCUyMmZhJTIwZmEtZW52ZWxvcGUlMjIlM0UlM0MlMkZpJTNFJTNDJTJGYSUzRSUzQyUyRmxpJTNFJTBBJTNDJTJGdWwlM0U=[\/vc_raw_html][\/vc_column_inner][\/vc_row_inner][vc_row_inner][vc_column_inner width=&#8221;1\/3&#8243;][vc_raw_html]JTNDaW1nJTIwd2lkdGglM0QlMjIxMDAlMjUlMjIlMjBoZWlnaHQlM0QlMjJhdXRvJTIyJTIwYm9yZGVyJTNEJTIyMCUyMiUyMGFsdCUzRCUyMiUyMiUyMHN0eWxlJTNEJTIyY3Vyc29yJTNBJTIwaGFuZCUzQiUyMiUyMG9ubW91c2VvdXQlM0QlMjJ0aGlzLnNyYyUzRCUyN2h0dHBzJTNBJTJGJTJGdHdvcGx1cy5jb20udHIlMkZ3cC1jb250ZW50JTJGdXBsb2FkcyUyRjIwMjAlMkYwMyUyRkhDUl85MDgyLUEuanBnJTI3JTIyJTIwb25tb3VzZW92ZXIlM0QlMjJ0aGlzLnNyYyUzRCUyN2h0dHBzJTNBJTJGJTJGdHdvcGx1cy5jb20udHIlMkZ3cC1jb250ZW50JTJGdXBsb2FkcyUyRjIwMjAlMkYwMyUyRkhDUl85MDkwMS5qcGclMjclMjIlMjBzcmMlM0QlMjJodHRwcyUzQSUyRiUyRnR3b3BsdXMuY29tLnRyJTJGd3AtY29udGVudCUyRnVwbG9hZHMlMkYyMDIwJTJGMDMlMkZIQ1JfOTA4Mi1BLmpwZyUyMiUyMCUyRiUzRQ==[\/vc_raw_html][vc_column_text css=&#8221;.vc_custom_1697097087080{margin-top: 10px !important;}&#8221;]<\/p>\n<h3>\u00d6zkan Varol<\/h3>\n<h4>Web Developer<\/h4>\n<p>[\/vc_column_text][vc_raw_html]JTNDdWwlMjBzdHlsZSUzRCUyMm1hcmdpbiUzQTBweCUzQnBhZGRpbmclM0EwcHglM0IlMjIlM0UlMEElM0NsaSUyMHN0eWxlJTNEJTIyZmxvYXQlM0FsZWZ0JTNCbGlzdC1zdHlsZS10eXBlJTNBJTIwbm9uZSUzQm1hcmdpbi1yaWdodCUzQTEwcHglM0IlMjIlM0UlM0NhJTIwaHJlZiUzRCUyMmh0dHBzJTNBJTJGJTJGd3d3LmZhY2Vib29rLmNvbSUyRm96a2FuLnZhcm9sLjc5JTIyJTIwdGFyZ2V0JTNEJTIyX2JsYW5rJTIyJTIwcmVsJTNEJTIybm9mb2xsb3clMjBub29wZW5lciUyMiUyMCUzRSUzQ2klMjBzdHlsZSUzRCUyMmNvbG9yJTNBJTIzMDAwMDAwJTNCJTIyJTIwY2xhc3MlM0QlMjJmYSUyMGZhLWZhY2Vib29rJTIyJTNFJTNDJTJGaSUzRSUzQyUyRmElM0UlM0MlMkZsaSUzRSUwQSUzQ2xpJTIwc3R5bGUlM0QlMjJmbG9hdCUzQWxlZnQlM0JsaXN0LXN0eWxlLXR5cGUlM0ElMjBub25lJTNCbWFyZ2luLXJpZ2h0JTNBMTBweCUzQiUyMiUzRSUzQ2ElMjBocmVmJTNEJTIyJTIzJTIyJTIwdGFyZ2V0JTNEJTIyX2JsYW5rJTIyJTIwJTIwcmVsJTNEJTIybm9mb2xsb3clMjBub29wZW5lciUyMiUzRSUzQ2klMjBzdHlsZSUzRCUyMmNvbG9yJTNBJTIzMDAwMDAwJTNCJTIyJTIwY2xhc3MlM0QlMjJmYSUyMGZhLWxpbmtlZGluJTIyJTNFJTNDJTJGaSUzRSUzQyUyRmElM0UlM0MlMkZsaSUzRSUwQSUzQ2xpJTIwc3R5bGUlM0QlMjJmbG9hdCUzQWxlZnQlM0JsaXN0LXN0eWxlLXR5cGUlM0ElMjBub25lJTNCbWFyZ2luLXJpZ2h0JTNBMTBweCUzQiUyMiUzRSUzQ2ElMjBocmVmJTNEJTIyJTIzJTIyJTIwdGFyZ2V0JTNEJTIyX2JsYW5rJTIyJTIwJTIwcmVsJTNEJTIybm9mb2xsb3clMjBub29wZW5lciUyMiUzRSUzQ2klMjBzdHlsZSUzRCUyMmNvbG9yJTNBJTIzMDAwMDAwJTNCJTIyJTIwY2xhc3MlM0QlMjJmYSUyMGZhLWVudmVsb3BlJTIyJTNFJTNDJTJGaSUzRSUzQyUyRmElM0UlM0MlMkZsaSUzRSUwQSUzQyUyRnVsJTNF[\/vc_raw_html][\/vc_column_inner][vc_column_inner width=&#8221;1\/3&#8243;][\/vc_column_inner][vc_column_inner width=&#8221;1\/3&#8243;][\/vc_column_inner][\/vc_row_inner][\/vc_column][\/vc_row]<\/p>\n","protected":false},"excerpt":{"rendered":"<p>[vc_section el_id=&#8221;hakkimizda&#8221;][vc_row cth_layout=&#8221;monolit_page_sec&#8221; no_sec_padding=&#8221;yes&#8221; css=&#8221;.vc_custom_1582790339067{margin-top: 20px !important;}&#8221;][vc_column offset=&#8221;vc_col-md-8&#8243; css=&#8221;.vc_custom_1582796846306{padding-top: 30px !important;}&#8221;][vc_column_text] who is two? &nbsp; The Architectural design and construction process starts when two main actors, the architect and the client, come together. [\/vc_column_text][vc_empty_space][vc_column_text] who is plus? &nbsp; Qualified design and construction cannot be realized by keeping sectoral actors outside of the process. Everyone that [&hellip;]<\/p>\n","protected":false},"author":1,"featured_media":0,"parent":0,"menu_order":0,"comment_status":"closed","ping_status":"closed","template":"page-fullwidth.php","meta":{"footnotes":""},"yst_prominent_words":[],"class_list":["post-2196","page","type-page","status-publish","hentry"],"yoast_head":"<!-- This site is optimized with the Yoast SEO Premium plugin v14.2 - https:\/\/yoast.com\/wordpress\/plugins\/seo\/ -->\n<title>About Us | Two Plus Architects<\/title>\n<meta name=\"robots\" content=\"index, follow\" \/>\n<meta name=\"googlebot\" content=\"index, follow, max-snippet:-1, max-image-preview:large, max-video-preview:-1\" \/>\n<meta name=\"bingbot\" content=\"index, follow, max-snippet:-1, max-image-preview:large, max-video-preview:-1\" \/>\n<link rel=\"canonical\" href=\"https:\/\/twoplus.com.tr\/en\/about-us\/\" \/>\n<meta property=\"og:locale\" content=\"en_US\" \/>\n<meta property=\"og:type\" content=\"article\" \/>\n<meta property=\"og:title\" content=\"About Us | Two Plus Architects\" \/>\n<meta property=\"og:description\" content=\"[vc_section el_id=&#8221;hakkimizda&#8221;][vc_row cth_layout=&#8221;monolit_page_sec&#8221; no_sec_padding=&#8221;yes&#8221; css=&#8221;.vc_custom_1582790339067{margin-top: 20px !important;}&#8221;][vc_column offset=&#8221;vc_col-md-8&#8243; css=&#8221;.vc_custom_1582796846306{padding-top: 30px !important;}&#8221;][vc_column_text] who is two? &nbsp; The Architectural design and construction process starts when two main actors, the architect and the client, come together. [\/vc_column_text][vc_empty_space][vc_column_text] who is plus? &nbsp; Qualified design and construction cannot be realized by keeping sectoral actors outside of the process. Everyone that [&hellip;]\" \/>\n<meta property=\"og:url\" content=\"https:\/\/twoplus.com.tr\/en\/about-us\/\" \/>\n<meta property=\"og:site_name\" content=\"Two Plus Architects\" \/>\n<meta property=\"article:publisher\" content=\"https:\/\/www.facebook.com\/twoplusarchitects\/\" \/>\n<meta property=\"article:modified_time\" content=\"2025-11-14T11:42:08+00:00\" \/>\n<meta name=\"twitter:card\" content=\"summary_large_image\" \/>\n<!-- \/ Yoast SEO Premium plugin. -->","_links":{"self":[{"href":"https:\/\/twoplus.com.tr\/en\/wp-json\/wp\/v2\/pages\/2196","targetHints":{"allow":["GET"]}}],"collection":[{"href":"https:\/\/twoplus.com.tr\/en\/wp-json\/wp\/v2\/pages"}],"about":[{"href":"https:\/\/twoplus.com.tr\/en\/wp-json\/wp\/v2\/types\/page"}],"author":[{"embeddable":true,"href":"https:\/\/twoplus.com.tr\/en\/wp-json\/wp\/v2\/users\/1"}],"replies":[{"embeddable":true,"href":"https:\/\/twoplus.com.tr\/en\/wp-json\/wp\/v2\/comments?post=2196"}],"version-history":[{"count":0,"href":"https:\/\/twoplus.com.tr\/en\/wp-json\/wp\/v2\/pages\/2196\/revisions"}],"wp:attachment":[{"href":"https:\/\/twoplus.com.tr\/en\/wp-json\/wp\/v2\/media?parent=2196"}],"wp:term":[{"taxonomy":"yst_prominent_words","embeddable":true,"href":"https:\/\/twoplus.com.tr\/en\/wp-json\/wp\/v2\/yst_prominent_words?post=2196"}],"curies":[{"name":"wp","href":"https:\/\/api.w.org\/{rel}","templated":true}]}}