{"id":2214,"date":"2020-06-08T20:24:46","date_gmt":"2020-06-08T17:24:46","guid":{"rendered":"https:\/\/twoplus.com.tr\/references\/"},"modified":"2021-11-01T01:32:48","modified_gmt":"2021-10-31T22:32:48","slug":"references","status":"publish","type":"page","link":"https:\/\/twoplus.com.tr\/en\/references\/","title":{"rendered":"References"},"content":{"rendered":"<p>[vc_row cth_layout=&#8221;monolit_page_sec&#8221;][vc_column][vc_row_inner][vc_column_inner width=&#8221;1\/4&#8243;][vc_column_text]<img loading=\"lazy\" decoding=\"async\" class=\"aligncenter wp-image-3089 size-full\" src=\"https:\/\/twoplus.com.tr\/wp-content\/uploads\/2021\/09\/koc-1.png\" alt=\"ko\u00e7 \u00fcniversitesi hastanesi\" width=\"200\" height=\"200\" srcset=\"https:\/\/twoplus.com.tr\/wp-content\/uploads\/2021\/09\/koc-1.png 200w, https:\/\/twoplus.com.tr\/wp-content\/uploads\/2021\/09\/koc-1-150x150.png 150w\" sizes=\"auto, (max-width: 200px) 100vw, 200px\" \/>[\/vc_column_text][\/vc_column_inner][vc_column_inner width=&#8221;1\/4&#8243;][vc_column_text]<img loading=\"lazy\" decoding=\"async\" class=\"size-full wp-image-1851 aligncenter\" src=\"https:\/\/twoplus.com.tr\/wp-content\/uploads\/2020\/03\/amerikan-hastanesi.png\" alt=\"\" width=\"200\" height=\"200\" srcset=\"https:\/\/twoplus.com.tr\/wp-content\/uploads\/2020\/03\/amerikan-hastanesi.png 200w, https:\/\/twoplus.com.tr\/wp-content\/uploads\/2020\/03\/amerikan-hastanesi-150x150.png 150w\" sizes=\"auto, (max-width: 200px) 100vw, 200px\" \/>[\/vc_column_text][\/vc_column_inner][vc_column_inner width=&#8221;1\/4&#8243;][vc_column_text]<img loading=\"lazy\" decoding=\"async\" class=\"size-full wp-image-738 aligncenter\" src=\"https:\/\/twoplus.com.tr\/wp-content\/uploads\/2020\/02\/kanuni-sultan-suleyman-egitim-ve-arastirma-hastanesi.png\" alt=\"Kanuni Sultan S\u00fcleyman E\u011fitim Ve Ara\u015ft\u0131rma Hastanesi\" width=\"200\" height=\"200\" srcset=\"https:\/\/twoplus.com.tr\/wp-content\/uploads\/2020\/02\/kanuni-sultan-suleyman-egitim-ve-arastirma-hastanesi.png 200w, https:\/\/twoplus.com.tr\/wp-content\/uploads\/2020\/02\/kanuni-sultan-suleyman-egitim-ve-arastirma-hastanesi-150x150.png 150w\" sizes=\"auto, (max-width: 200px) 100vw, 200px\" \/>[\/vc_column_text][\/vc_column_inner][vc_column_inner width=&#8221;1\/4&#8243;][vc_column_text]<img loading=\"lazy\" decoding=\"async\" class=\"size-full wp-image-722 aligncenter\" src=\"https:\/\/twoplus.com.tr\/wp-content\/uploads\/2020\/02\/denge-holding.png\" alt=\"DENGE HOLD\u0130NG\" width=\"200\" height=\"200\" srcset=\"https:\/\/twoplus.com.tr\/wp-content\/uploads\/2020\/02\/denge-holding.png 200w, https:\/\/twoplus.com.tr\/wp-content\/uploads\/2020\/02\/denge-holding-150x150.png 150w\" sizes=\"auto, (max-width: 200px) 100vw, 200px\" \/>[\/vc_column_text][\/vc_column_inner][\/vc_row_inner][vc_row_inner][vc_column_inner width=&#8221;1\/4&#8243;][vc_column_text]<img loading=\"lazy\" decoding=\"async\" class=\"wp-image-2704 size-medium aligncenter\" src=\"https:\/\/twoplus.com.tr\/wp-content\/uploads\/2021\/04\/ack-aesthetic-dentistry-siyah-png-1-300x154.png\" alt=\"\" width=\"300\" height=\"154\" srcset=\"https:\/\/twoplus.com.tr\/wp-content\/uploads\/2021\/04\/ack-aesthetic-dentistry-siyah-png-1-300x154.png 300w, https:\/\/twoplus.com.tr\/wp-content\/uploads\/2021\/04\/ack-aesthetic-dentistry-siyah-png-1.png 571w\" sizes=\"auto, (max-width: 300px) 100vw, 300px\" \/>[\/vc_column_text][\/vc_column_inner][vc_column_inner width=&#8221;1\/4&#8243;][vc_column_text]<img loading=\"lazy\" decoding=\"async\" class=\"wp-image-2713 size-medium aligncenter\" src=\"https:\/\/twoplus.com.tr\/wp-content\/uploads\/2021\/04\/friend-lg-300x156.png\" alt=\"\" width=\"300\" height=\"156\" srcset=\"https:\/\/twoplus.com.tr\/wp-content\/uploads\/2021\/04\/friend-lg-300x156.png 300w, https:\/\/twoplus.com.tr\/wp-content\/uploads\/2021\/04\/friend-lg.png 577w\" sizes=\"auto, (max-width: 300px) 100vw, 300px\" \/>[\/vc_column_text][\/vc_column_inner][vc_column_inner width=&#8221;1\/4&#8243;][vc_column_text]<img loading=\"lazy\" decoding=\"async\" class=\"wp-image-2708 size-medium aligncenter\" src=\"https:\/\/twoplus.com.tr\/wp-content\/uploads\/2021\/04\/silka-logo-300x204.png\" alt=\"\" width=\"300\" height=\"204\" srcset=\"https:\/\/twoplus.com.tr\/wp-content\/uploads\/2021\/04\/silka-logo-300x204.png 300w, https:\/\/twoplus.com.tr\/wp-content\/uploads\/2021\/04\/silka-logo.png 577w\" sizes=\"auto, (max-width: 300px) 100vw, 300px\" \/>[\/vc_column_text][\/vc_column_inner][vc_column_inner width=&#8221;1\/4&#8243;][vc_column_text]<img loading=\"lazy\" decoding=\"async\" class=\"size-full wp-image-2567 aligncenter\" src=\"https:\/\/twoplus.com.tr\/wp-content\/uploads\/2020\/12\/26.png\" alt=\"\" width=\"200\" height=\"200\" srcset=\"https:\/\/twoplus.com.tr\/wp-content\/uploads\/2020\/12\/26.png 200w, https:\/\/twoplus.com.tr\/wp-content\/uploads\/2020\/12\/26-150x150.png 150w\" sizes=\"auto, (max-width: 200px) 100vw, 200px\" \/>[\/vc_column_text][\/vc_column_inner][\/vc_row_inner][vc_row_inner][vc_column_inner width=&#8221;1\/4&#8243;][vc_column_text]<img loading=\"lazy\" decoding=\"async\" class=\"size-full wp-image-726 aligncenter\" src=\"https:\/\/twoplus.com.tr\/wp-content\/uploads\/2020\/02\/erdemir.png\" alt=\"ERDEM\u0130R\" width=\"200\" height=\"200\" srcset=\"https:\/\/twoplus.com.tr\/wp-content\/uploads\/2020\/02\/erdemir.png 200w, https:\/\/twoplus.com.tr\/wp-content\/uploads\/2020\/02\/erdemir-150x150.png 150w\" sizes=\"auto, (max-width: 200px) 100vw, 200px\" \/>[\/vc_column_text][\/vc_column_inner][vc_column_inner width=&#8221;1\/4&#8243;][vc_column_text]<img loading=\"lazy\" decoding=\"async\" class=\"size-full wp-image-694 aligncenter\" src=\"https:\/\/twoplus.com.tr\/wp-content\/uploads\/2020\/02\/kuyas-gayrimenkul.png\" alt=\"KUYA\u015e GAYR\u0130MENKUL\" width=\"200\" height=\"200\" srcset=\"https:\/\/twoplus.com.tr\/wp-content\/uploads\/2020\/02\/kuyas-gayrimenkul.png 200w, https:\/\/twoplus.com.tr\/wp-content\/uploads\/2020\/02\/kuyas-gayrimenkul-150x150.png 150w\" sizes=\"auto, (max-width: 200px) 100vw, 200px\" \/>[\/vc_column_text][\/vc_column_inner][vc_column_inner width=&#8221;1\/4&#8243;][vc_column_text]<img loading=\"lazy\" decoding=\"async\" class=\"size-full wp-image-732 aligncenter\" src=\"https:\/\/twoplus.com.tr\/wp-content\/uploads\/2020\/02\/hamidiye-kaynak-suyu.png\" alt=\"hamidiye Kaynak Suyu\" width=\"200\" height=\"200\" srcset=\"https:\/\/twoplus.com.tr\/wp-content\/uploads\/2020\/02\/hamidiye-kaynak-suyu.png 200w, https:\/\/twoplus.com.tr\/wp-content\/uploads\/2020\/02\/hamidiye-kaynak-suyu-150x150.png 150w\" sizes=\"auto, (max-width: 200px) 100vw, 200px\" \/>[\/vc_column_text][\/vc_column_inner][vc_column_inner width=&#8221;1\/4&#8243;][vc_column_text]<img loading=\"lazy\" decoding=\"async\" class=\"size-full wp-image-692 aligncenter\" src=\"https:\/\/twoplus.com.tr\/wp-content\/uploads\/2020\/02\/kecioren-belediyesi.png\" alt=\"KE\u00c7\u0130\u00d6REN BELED\u0130YES\u0130\" width=\"200\" height=\"200\" srcset=\"https:\/\/twoplus.com.tr\/wp-content\/uploads\/2020\/02\/kecioren-belediyesi.png 200w, https:\/\/twoplus.com.tr\/wp-content\/uploads\/2020\/02\/kecioren-belediyesi-150x150.png 150w\" sizes=\"auto, (max-width: 200px) 100vw, 200px\" \/>[\/vc_column_text][\/vc_column_inner][\/vc_row_inner][vc_row_inner][vc_column_inner width=&#8221;1\/4&#8243;][vc_column_text]<img loading=\"lazy\" decoding=\"async\" class=\"size-full wp-image-706 aligncenter\" src=\"https:\/\/twoplus.com.tr\/wp-content\/uploads\/2020\/02\/rak-yapi-insaat.png\" alt=\"RAK YAPI \u0130N\u015eAAT\" width=\"200\" height=\"200\" srcset=\"https:\/\/twoplus.com.tr\/wp-content\/uploads\/2020\/02\/rak-yapi-insaat.png 200w, https:\/\/twoplus.com.tr\/wp-content\/uploads\/2020\/02\/rak-yapi-insaat-150x150.png 150w\" sizes=\"auto, (max-width: 200px) 100vw, 200px\" \/>[\/vc_column_text][\/vc_column_inner][vc_column_inner width=&#8221;1\/4&#8243;][vc_column_text]<img loading=\"lazy\" decoding=\"async\" class=\"size-full wp-image-1980 aligncenter\" src=\"https:\/\/twoplus.com.tr\/wp-content\/uploads\/2020\/03\/WhatsApp-Image-2020-03-26-at-11.22.37.jpeg\" alt=\"\" width=\"200\" height=\"200\" srcset=\"https:\/\/twoplus.com.tr\/wp-content\/uploads\/2020\/03\/WhatsApp-Image-2020-03-26-at-11.22.37.jpeg 200w, https:\/\/twoplus.com.tr\/wp-content\/uploads\/2020\/03\/WhatsApp-Image-2020-03-26-at-11.22.37-150x150.jpeg 150w\" sizes=\"auto, (max-width: 200px) 100vw, 200px\" \/>[\/vc_column_text][\/vc_column_inner][vc_column_inner width=&#8221;1\/4&#8243;][vc_column_text]<img loading=\"lazy\" decoding=\"async\" class=\"size-full wp-image-736 aligncenter\" src=\"https:\/\/twoplus.com.tr\/wp-content\/uploads\/2020\/02\/immib.png\" alt=\"\u0130MM\u0130B\" width=\"200\" height=\"200\" srcset=\"https:\/\/twoplus.com.tr\/wp-content\/uploads\/2020\/02\/immib.png 200w, https:\/\/twoplus.com.tr\/wp-content\/uploads\/2020\/02\/immib-150x150.png 150w\" sizes=\"auto, (max-width: 200px) 100vw, 200px\" \/>[\/vc_column_text][\/vc_column_inner][vc_column_inner width=&#8221;1\/4&#8243;][vc_column_text]<img loading=\"lazy\" decoding=\"async\" class=\"size-full wp-image-724 aligncenter\" src=\"https:\/\/twoplus.com.tr\/wp-content\/uploads\/2020\/02\/ef-aluminyum.png\" alt=\"EF AL\u00dcM\u0130NYUM\" width=\"200\" height=\"200\" srcset=\"https:\/\/twoplus.com.tr\/wp-content\/uploads\/2020\/02\/ef-aluminyum.png 200w, https:\/\/twoplus.com.tr\/wp-content\/uploads\/2020\/02\/ef-aluminyum-150x150.png 150w\" sizes=\"auto, (max-width: 200px) 100vw, 200px\" \/>[\/vc_column_text][\/vc_column_inner][\/vc_row_inner][vc_row_inner][vc_column_inner width=&#8221;1\/4&#8243;][vc_column_text]<img loading=\"lazy\" decoding=\"async\" class=\"size-full wp-image-734 aligncenter\" src=\"https:\/\/twoplus.com.tr\/wp-content\/uploads\/2020\/02\/hospitacar-yetkili-oto-ekspertiz.png\" alt=\"HOSP\u0130TACAR YETK\u0130L\u0130 OTO EKSPERT\u0130Z\" width=\"200\" height=\"200\" srcset=\"https:\/\/twoplus.com.tr\/wp-content\/uploads\/2020\/02\/hospitacar-yetkili-oto-ekspertiz.png 200w, https:\/\/twoplus.com.tr\/wp-content\/uploads\/2020\/02\/hospitacar-yetkili-oto-ekspertiz-150x150.png 150w\" sizes=\"auto, (max-width: 200px) 100vw, 200px\" \/>[\/vc_column_text][\/vc_column_inner][vc_column_inner width=&#8221;1\/4&#8243;][vc_column_text]<img loading=\"lazy\" decoding=\"async\" class=\"size-full wp-image-728 aligncenter\" src=\"https:\/\/twoplus.com.tr\/wp-content\/uploads\/2020\/02\/erdemir-muhendislik.png\" alt=\"Erdemir M\u00fchendislik\" width=\"200\" height=\"200\" srcset=\"https:\/\/twoplus.com.tr\/wp-content\/uploads\/2020\/02\/erdemir-muhendislik.png 200w, https:\/\/twoplus.com.tr\/wp-content\/uploads\/2020\/02\/erdemir-muhendislik-150x150.png 150w\" sizes=\"auto, (max-width: 200px) 100vw, 200px\" \/>[\/vc_column_text][\/vc_column_inner][vc_column_inner width=&#8221;1\/4&#8243;][vc_column_text]<img loading=\"lazy\" decoding=\"async\" class=\"size-full wp-image-702 aligncenter\" src=\"https:\/\/twoplus.com.tr\/wp-content\/uploads\/2020\/02\/nizam-pide-sutlac.png\" alt=\"N\u0130ZAM Pide S\u00fctla\u00e7\" width=\"200\" height=\"200\" srcset=\"https:\/\/twoplus.com.tr\/wp-content\/uploads\/2020\/02\/nizam-pide-sutlac.png 200w, https:\/\/twoplus.com.tr\/wp-content\/uploads\/2020\/02\/nizam-pide-sutlac-150x150.png 150w\" sizes=\"auto, (max-width: 200px) 100vw, 200px\" \/>[\/vc_column_text][\/vc_column_inner][vc_column_inner width=&#8221;1\/4&#8243;][vc_column_text]<img loading=\"lazy\" decoding=\"async\" class=\"size-full wp-image-708 aligncenter\" src=\"https:\/\/twoplus.com.tr\/wp-content\/uploads\/2020\/02\/secere-insaat.png\" alt=\"SECERE \u0130N\u015eAAT T\u0130CARET A\u015e\" width=\"200\" height=\"200\" srcset=\"https:\/\/twoplus.com.tr\/wp-content\/uploads\/2020\/02\/secere-insaat.png 200w, https:\/\/twoplus.com.tr\/wp-content\/uploads\/2020\/02\/secere-insaat-150x150.png 150w\" sizes=\"auto, (max-width: 200px) 100vw, 200px\" \/>[\/vc_column_text][\/vc_column_inner][\/vc_row_inner][vc_row_inner][vc_column_inner width=&#8221;1\/4&#8243;][vc_column_text]<img loading=\"lazy\" decoding=\"async\" class=\"size-full wp-image-740 aligncenter\" src=\"https:\/\/twoplus.com.tr\/wp-content\/uploads\/2020\/02\/kartal-yapi.png\" alt=\"Kartal Yap\u0131\" width=\"200\" height=\"200\" srcset=\"https:\/\/twoplus.com.tr\/wp-content\/uploads\/2020\/02\/kartal-yapi.png 200w, https:\/\/twoplus.com.tr\/wp-content\/uploads\/2020\/02\/kartal-yapi-150x150.png 150w\" sizes=\"auto, (max-width: 200px) 100vw, 200px\" \/>[\/vc_column_text][\/vc_column_inner][vc_column_inner width=&#8221;1\/4&#8243;][vc_column_text]<img loading=\"lazy\" decoding=\"async\" class=\"size-full wp-image-704 aligncenter\" src=\"https:\/\/twoplus.com.tr\/wp-content\/uploads\/2020\/02\/plus-gy.png\" alt=\"PLUS GY\" width=\"200\" height=\"200\" srcset=\"https:\/\/twoplus.com.tr\/wp-content\/uploads\/2020\/02\/plus-gy.png 200w, https:\/\/twoplus.com.tr\/wp-content\/uploads\/2020\/02\/plus-gy-150x150.png 150w\" sizes=\"auto, (max-width: 200px) 100vw, 200px\" \/>[\/vc_column_text][\/vc_column_inner][vc_column_inner width=&#8221;1\/4&#8243;][vc_column_text]<img loading=\"lazy\" decoding=\"async\" class=\"size-full wp-image-730 aligncenter\" src=\"https:\/\/twoplus.com.tr\/wp-content\/uploads\/2020\/02\/gul-er-ka-insaat.png\" alt=\"G\u00dcL-ER-KA \u0130N\u015eAAT\" width=\"200\" height=\"200\" srcset=\"https:\/\/twoplus.com.tr\/wp-content\/uploads\/2020\/02\/gul-er-ka-insaat.png 200w, https:\/\/twoplus.com.tr\/wp-content\/uploads\/2020\/02\/gul-er-ka-insaat-150x150.png 150w\" sizes=\"auto, (max-width: 200px) 100vw, 200px\" \/>[\/vc_column_text][\/vc_column_inner][vc_column_inner width=&#8221;1\/4&#8243;][vc_column_text]<img loading=\"lazy\" decoding=\"async\" class=\"size-full wp-image-716 aligncenter\" src=\"https:\/\/twoplus.com.tr\/wp-content\/uploads\/2020\/02\/bk-yapi.png\" alt=\"BK YAPI\" width=\"200\" height=\"200\" srcset=\"https:\/\/twoplus.com.tr\/wp-content\/uploads\/2020\/02\/bk-yapi.png 200w, https:\/\/twoplus.com.tr\/wp-content\/uploads\/2020\/02\/bk-yapi-150x150.png 150w\" sizes=\"auto, (max-width: 200px) 100vw, 200px\" \/>[\/vc_column_text][\/vc_column_inner][\/vc_row_inner][vc_row_inner][vc_column_inner width=&#8221;1\/4&#8243;][vc_column_text]<img loading=\"lazy\" decoding=\"async\" class=\"size-full wp-image-3123 aligncenter\" src=\"https:\/\/twoplus.com.tr\/wp-content\/uploads\/2021\/09\/demirbas-otomotiv.png\" alt=\"\" width=\"200\" height=\"200\" srcset=\"https:\/\/twoplus.com.tr\/wp-content\/uploads\/2021\/09\/demirbas-otomotiv.png 200w, https:\/\/twoplus.com.tr\/wp-content\/uploads\/2021\/09\/demirbas-otomotiv-150x150.png 150w\" sizes=\"auto, (max-width: 200px) 100vw, 200px\" \/>[\/vc_column_text][\/vc_column_inner][vc_column_inner width=&#8221;1\/4&#8243;][vc_column_text]<img loading=\"lazy\" decoding=\"async\" class=\"size-full wp-image-3121 aligncenter\" src=\"https:\/\/twoplus.com.tr\/wp-content\/uploads\/2021\/09\/tore-insaat.png\" alt=\"\" width=\"200\" height=\"200\" srcset=\"https:\/\/twoplus.com.tr\/wp-content\/uploads\/2021\/09\/tore-insaat.png 200w, https:\/\/twoplus.com.tr\/wp-content\/uploads\/2021\/09\/tore-insaat-150x150.png 150w\" sizes=\"auto, (max-width: 200px) 100vw, 200px\" \/>[\/vc_column_text][\/vc_column_inner][vc_column_inner width=&#8221;1\/4&#8243;][vc_column_text]<img loading=\"lazy\" decoding=\"async\" class=\"size-full wp-image-3117 aligncenter\" src=\"https:\/\/twoplus.com.tr\/wp-content\/uploads\/2021\/09\/mussan-mimarlik.png\" alt=\"\" width=\"200\" height=\"200\" srcset=\"https:\/\/twoplus.com.tr\/wp-content\/uploads\/2021\/09\/mussan-mimarlik.png 200w, https:\/\/twoplus.com.tr\/wp-content\/uploads\/2021\/09\/mussan-mimarlik-150x150.png 150w\" sizes=\"auto, (max-width: 200px) 100vw, 200px\" \/>[\/vc_column_text][\/vc_column_inner][vc_column_inner width=&#8221;1\/4&#8243;][vc_column_text]<img loading=\"lazy\" decoding=\"async\" class=\"size-full wp-image-3115 aligncenter\" src=\"https:\/\/twoplus.com.tr\/wp-content\/uploads\/2021\/09\/clinic-international-tip-merkezi.png\" alt=\"\" width=\"200\" height=\"200\" srcset=\"https:\/\/twoplus.com.tr\/wp-content\/uploads\/2021\/09\/clinic-international-tip-merkezi.png 200w, https:\/\/twoplus.com.tr\/wp-content\/uploads\/2021\/09\/clinic-international-tip-merkezi-150x150.png 150w\" sizes=\"auto, (max-width: 200px) 100vw, 200px\" \/>[\/vc_column_text][\/vc_column_inner][\/vc_row_inner][vc_row_inner][vc_column_inner width=&#8221;1\/4&#8243;][vc_column_text]<img loading=\"lazy\" decoding=\"async\" class=\"size-full wp-image-3119 aligncenter\" src=\"https:\/\/twoplus.com.tr\/wp-content\/uploads\/2021\/09\/metmar.png\" alt=\"\" width=\"200\" height=\"200\" srcset=\"https:\/\/twoplus.com.tr\/wp-content\/uploads\/2021\/09\/metmar.png 200w, https:\/\/twoplus.com.tr\/wp-content\/uploads\/2021\/09\/metmar-150x150.png 150w\" sizes=\"auto, (max-width: 200px) 100vw, 200px\" \/>[\/vc_column_text][\/vc_column_inner][vc_column_inner width=&#8221;1\/4&#8243;][vc_column_text]<img loading=\"lazy\" decoding=\"async\" class=\"size-full wp-image-3111 aligncenter\" src=\"https:\/\/twoplus.com.tr\/wp-content\/uploads\/2021\/09\/balcan-yapi.png\" alt=\"\" width=\"200\" height=\"200\" srcset=\"https:\/\/twoplus.com.tr\/wp-content\/uploads\/2021\/09\/balcan-yapi.png 200w, https:\/\/twoplus.com.tr\/wp-content\/uploads\/2021\/09\/balcan-yapi-150x150.png 150w\" sizes=\"auto, (max-width: 200px) 100vw, 200px\" \/>[\/vc_column_text][\/vc_column_inner][vc_column_inner width=&#8221;1\/4&#8243;][vc_column_text]<img loading=\"lazy\" decoding=\"async\" class=\"size-full wp-image-3113 aligncenter\" src=\"https:\/\/twoplus.com.tr\/wp-content\/uploads\/2021\/09\/maya-estetik.png\" alt=\"\" width=\"200\" height=\"200\" srcset=\"https:\/\/twoplus.com.tr\/wp-content\/uploads\/2021\/09\/maya-estetik.png 200w, https:\/\/twoplus.com.tr\/wp-content\/uploads\/2021\/09\/maya-estetik-150x150.png 150w\" sizes=\"auto, (max-width: 200px) 100vw, 200px\" \/>[\/vc_column_text][\/vc_column_inner][vc_column_inner width=&#8221;1\/4&#8243;][\/vc_column_inner][\/vc_row_inner][\/vc_column][\/vc_row]<\/p>\n","protected":false},"excerpt":{"rendered":"<p>[vc_row cth_layout=&#8221;monolit_page_sec&#8221;][vc_column][vc_row_inner][vc_column_inner width=&#8221;1\/4&#8243;][vc_column_text][\/vc_column_text][\/vc_column_inner][vc_column_inner width=&#8221;1\/4&#8243;][vc_column_text][\/vc_column_text][\/vc_column_inner][vc_column_inner width=&#8221;1\/4&#8243;][vc_column_text][\/vc_column_text][\/vc_column_inner][vc_column_inner width=&#8221;1\/4&#8243;][vc_column_text][\/vc_column_text][\/vc_column_inner][\/vc_row_inner][vc_row_inner][vc_column_inner width=&#8221;1\/4&#8243;][vc_column_text][\/vc_column_text][\/vc_column_inner][vc_column_inner width=&#8221;1\/4&#8243;][vc_column_text][\/vc_column_text][\/vc_column_inner][vc_column_inner width=&#8221;1\/4&#8243;][vc_column_text][\/vc_column_text][\/vc_column_inner][vc_column_inner width=&#8221;1\/4&#8243;][vc_column_text][\/vc_column_text][\/vc_column_inner][\/vc_row_inner][vc_row_inner][vc_column_inner width=&#8221;1\/4&#8243;][vc_column_text][\/vc_column_text][\/vc_column_inner][vc_column_inner width=&#8221;1\/4&#8243;][vc_column_text][\/vc_column_text][\/vc_column_inner][vc_column_inner width=&#8221;1\/4&#8243;][vc_column_text][\/vc_column_text][\/vc_column_inner][vc_column_inner width=&#8221;1\/4&#8243;][vc_column_text][\/vc_column_text][\/vc_column_inner][\/vc_row_inner][vc_row_inner][vc_column_inner width=&#8221;1\/4&#8243;][vc_column_text][\/vc_column_text][\/vc_column_inner][vc_column_inner width=&#8221;1\/4&#8243;][vc_column_text][\/vc_column_text][\/vc_column_inner][vc_column_inner width=&#8221;1\/4&#8243;][vc_column_text][\/vc_column_text][\/vc_column_inner][vc_column_inner width=&#8221;1\/4&#8243;][vc_column_text][\/vc_column_text][\/vc_column_inner][\/vc_row_inner][vc_row_inner][vc_column_inner width=&#8221;1\/4&#8243;][vc_column_text][\/vc_column_text][\/vc_column_inner][vc_column_inner width=&#8221;1\/4&#8243;][vc_column_text][\/vc_column_text][\/vc_column_inner][vc_column_inner width=&#8221;1\/4&#8243;][vc_column_text][\/vc_column_text][\/vc_column_inner][vc_column_inner width=&#8221;1\/4&#8243;][vc_column_text][\/vc_column_text][\/vc_column_inner][\/vc_row_inner][vc_row_inner][vc_column_inner width=&#8221;1\/4&#8243;][vc_column_text][\/vc_column_text][\/vc_column_inner][vc_column_inner width=&#8221;1\/4&#8243;][vc_column_text][\/vc_column_text][\/vc_column_inner][vc_column_inner width=&#8221;1\/4&#8243;][vc_column_text][\/vc_column_text][\/vc_column_inner][vc_column_inner width=&#8221;1\/4&#8243;][vc_column_text][\/vc_column_text][\/vc_column_inner][\/vc_row_inner][vc_row_inner][vc_column_inner width=&#8221;1\/4&#8243;][vc_column_text][\/vc_column_text][\/vc_column_inner][vc_column_inner width=&#8221;1\/4&#8243;][vc_column_text][\/vc_column_text][\/vc_column_inner][vc_column_inner width=&#8221;1\/4&#8243;][vc_column_text][\/vc_column_text][\/vc_column_inner][vc_column_inner width=&#8221;1\/4&#8243;][vc_column_text][\/vc_column_text][\/vc_column_inner][\/vc_row_inner][vc_row_inner][vc_column_inner width=&#8221;1\/4&#8243;][vc_column_text][\/vc_column_text][\/vc_column_inner][vc_column_inner width=&#8221;1\/4&#8243;][vc_column_text][\/vc_column_text][\/vc_column_inner][vc_column_inner width=&#8221;1\/4&#8243;][vc_column_text][\/vc_column_text][\/vc_column_inner][vc_column_inner width=&#8221;1\/4&#8243;][\/vc_column_inner][\/vc_row_inner][\/vc_column][\/vc_row]<\/p>\n","protected":false},"author":1,"featured_media":0,"parent":0,"menu_order":0,"comment_status":"closed","ping_status":"closed","template":"page-fullwidth.php","meta":{"footnotes":""},"yst_prominent_words":[],"class_list":["post-2214","page","type-page","status-publish","hentry"],"yoast_head":"<!-- This site is optimized with the Yoast SEO Premium plugin v14.2 - https:\/\/yoast.com\/wordpress\/plugins\/seo\/ -->\n<title>References | Two Plus Architects | Projects References<\/title>\n<meta name=\"description\" content=\"Two Plus Architects Projects References\" \/>\n<meta name=\"robots\" content=\"index, follow\" \/>\n<meta name=\"googlebot\" content=\"index, follow, max-snippet:-1, max-image-preview:large, max-video-preview:-1\" \/>\n<meta name=\"bingbot\" content=\"index, follow, max-snippet:-1, max-image-preview:large, max-video-preview:-1\" \/>\n<link rel=\"canonical\" href=\"https:\/\/twoplus.com.tr\/en\/references\/\" \/>\n<meta property=\"og:locale\" content=\"en_US\" \/>\n<meta property=\"og:type\" content=\"article\" \/>\n<meta property=\"og:title\" content=\"References | Two Plus Architects | Projects References\" \/>\n<meta property=\"og:description\" content=\"Two Plus Architects Projects References\" \/>\n<meta property=\"og:url\" content=\"https:\/\/twoplus.com.tr\/en\/references\/\" \/>\n<meta property=\"og:site_name\" content=\"Two Plus Architects\" \/>\n<meta property=\"article:publisher\" content=\"https:\/\/www.facebook.com\/twoplusarchitects\/\" \/>\n<meta property=\"article:modified_time\" content=\"2021-10-31T22:32:48+00:00\" \/>\n<meta property=\"og:image\" content=\"https:\/\/twoplus.com.tr\/wp-content\/uploads\/2021\/09\/koc-1.png\" \/>\n<meta name=\"twitter:card\" content=\"summary_large_image\" \/>\n<!-- \/ Yoast SEO Premium plugin. -->","_links":{"self":[{"href":"https:\/\/twoplus.com.tr\/en\/wp-json\/wp\/v2\/pages\/2214","targetHints":{"allow":["GET"]}}],"collection":[{"href":"https:\/\/twoplus.com.tr\/en\/wp-json\/wp\/v2\/pages"}],"about":[{"href":"https:\/\/twoplus.com.tr\/en\/wp-json\/wp\/v2\/types\/page"}],"author":[{"embeddable":true,"href":"https:\/\/twoplus.com.tr\/en\/wp-json\/wp\/v2\/users\/1"}],"replies":[{"embeddable":true,"href":"https:\/\/twoplus.com.tr\/en\/wp-json\/wp\/v2\/comments?post=2214"}],"version-history":[{"count":0,"href":"https:\/\/twoplus.com.tr\/en\/wp-json\/wp\/v2\/pages\/2214\/revisions"}],"wp:attachment":[{"href":"https:\/\/twoplus.com.tr\/en\/wp-json\/wp\/v2\/media?parent=2214"}],"wp:term":[{"taxonomy":"yst_prominent_words","embeddable":true,"href":"https:\/\/twoplus.com.tr\/en\/wp-json\/wp\/v2\/yst_prominent_words?post=2214"}],"curies":[{"name":"wp","href":"https:\/\/api.w.org\/{rel}","templated":true}]}}